{"id":1312,"date":"2021-09-02T10:20:37","date_gmt":"2021-09-02T08:20:37","guid":{"rendered":"https:\/\/controlops.pl\/?page_id=1312"},"modified":"2023-02-11T08:57:59","modified_gmt":"2023-02-11T07:57:59","slug":"controlops","status":"publish","type":"page","link":"https:\/\/controlops.pl\/en\/","title":{"rendered":"automation"},"content":{"rendered":"\n<div class=\"wp-block-cover alignfull anchor\" style=\"min-height:100vh\" id=\"home\"><span aria-hidden=\"true\" class=\"wp-block-cover__background has-theme-palette-1-background-color has-background-dim-80 has-background-dim\"><\/span><video class=\"wp-block-cover__video-background intrinsic-ignore\" autoplay muted loop playsinline src=\"https:\/\/controlops.pl\/wp-content\/uploads\/2021\/09\/Background_video_v01.mp4\" data-object-fit=\"cover\"><\/video><div class=\"wp-block-cover__inner-container\">\n<div class=\"wp-container-2 wp-block-columns are-vertically-aligned-top\">\n<div class=\"wp-container-1 wp-block-column is-vertically-aligned-top\">\n<hr class=\"wp-block-separator has-alpha-channel-opacity has-text-color has-background has-theme-palette-3-background-color has-theme-palette-3-color is-style-wide\" id=\"s01\"\/>\n\n\n\n<p id=\"s02\"><strong>automatyka<\/strong> \/ doradztwo, projekt, wdro\u017cenie<\/p>\n\n\n\n<hr class=\"wp-block-separator has-alpha-channel-opacity has-text-color has-background has-theme-palette-3-background-color has-theme-palette-3-color is-style-wide\" id=\"s03\"\/>\n\n\n\n<h1 id=\"s04\">Automatyka przemys\u0142owa \/<\/h1>\n\n\n\n<h2 id=\"s04\">Doradztwo techniczne \/<br>Projektowanie system\u00f3w automatyki \/<br>Wdra\u017canie nowoczesnych rozwi\u0105za\u0144<\/h2>\n<\/div>\n<\/div>\n<\/div><\/div>\n\n\n\n<div class=\"wp-block-cover alignfull is-light anchor\" style=\"min-height:100vh\" id=\"about\"><span aria-hidden=\"true\" class=\"wp-block-cover__background has-theme-palette-3-background-color has-background-dim-100 has-background-dim\"><\/span><div class=\"wp-block-cover__inner-container\">\n<div class=\"wp-container-4 wp-block-columns\">\n<div class=\"wp-container-3 wp-block-column\">\n<p class=\"section_header has-black-color has-text-color has-larger-font-size\">Co mog\u0119 dla Ciebie zrobi\u0107<\/p>\n<\/div>\n<\/div>\n\n\n\n<div class=\"wp-container-8 wp-block-columns\">\n<div class=\"wp-container-5 wp-block-column of_kol\">\n<p class=\"tab_number has-theme-palette-5-color has-text-color has-large-font-size\">01<\/p>\n\n\n\n<hr class=\"wp-block-separator has-text-color has-theme-palette-5-color has-css-opacity has-theme-palette-5-background-color has-background tab_sep is-style-wide\"\/>\n\n\n\n<p class=\"tab_1line has-black-color has-text-color has-medium-font-size\">Programowanie PLC<\/p>\n\n\n\n<p class=\"has-black-color has-text-color\">Tworzenie  konfiguracji  i oprogramowania dla PLC, HMI, SCADA. najpopularniejszych producent\u00f3w automatyki w Europie, takich jak: Siemens, Allen-Bradley, Mitsubishi i inne.<br><br><\/p>\n<\/div>\n\n\n\n<div class=\"wp-container-6 wp-block-column of_kol\">\n<p class=\"tab_number has-theme-palette-5-color has-text-color has-large-font-size\">02<\/p>\n\n\n\n<hr class=\"wp-block-separator has-text-color has-theme-palette-5-color has-css-opacity has-theme-palette-5-background-color has-background is-style-wide tab_sep\"\/>\n\n\n\n<p class=\"tab_1line has-black-color has-text-color has-medium-font-size\"> Integracja system\u00f3w <\/p>\n\n\n\n<p class=\"has-black-color has-text-color\">Wdra\u017canie i uruchamianie uk\u0142ad\u00f3w automatyki takich jak:<br>\u00b7 maszyny i linie produkcyjne,<br>\u00b7 instalacje procesowe,<br>\u00b7 stacje zrobotyzowane,<br>\u00b7 systemy kontroli produkcji,<br>\u00b7 inteligentne o\u015bwietlenie,<br>\u00b7 wiele, wiele innych. <br><\/p>\n<\/div>\n\n\n\n<div class=\"wp-container-7 wp-block-column of_kol\">\n<p class=\"tab_number has-theme-palette-5-color has-text-color has-large-font-size\">03<\/p>\n\n\n\n<hr class=\"wp-block-separator has-text-color has-theme-palette-5-color has-css-opacity has-theme-palette-5-background-color has-background is-style-wide tab_sep\"\/>\n\n\n\n<p class=\"tab_1line has-black-color has-text-color has-medium-font-size\">Asysta produkcyjna<\/p>\n\n\n\n<p class=\"has-black-color has-text-color\">Wsparcie w utrzymaniu ci\u0105g\u0142o\u015bci produkcji, testy nowych rozwi\u0105za\u0144, zwi\u0119kszenie efektywno\u015bci produkcji.<br><\/p>\n<\/div>\n<\/div>\n\n\n\n<div class=\"wp-container-12 wp-block-columns\">\n<div class=\"wp-container-9 wp-block-column of_kol\">\n<p class=\"tab_number has-theme-palette-5-color has-text-color has-large-font-size\">04<\/p>\n\n\n\n<hr class=\"wp-block-separator has-text-color has-theme-palette-5-color has-css-opacity has-theme-palette-5-background-color has-background is-style-wide tab_sep\"\/>\n\n\n\n<p class=\"tab_1line has-black-color has-text-color has-medium-font-size\">Doradztwo <\/p>\n\n\n\n<p class=\"has-black-color has-text-color\">Analiza potrzeb, budowa koncepcji, optymalizacja rozwi\u0105za\u0144. Pomoc w rozwi\u0105zaniu problem\u00f3w produkcyjnych. <br><br><\/p>\n<\/div>\n\n\n\n<div class=\"wp-container-10 wp-block-column of_kol\">\n<p class=\"tab_number has-theme-palette-5-color has-text-color has-large-font-size\">05<\/p>\n\n\n\n<hr class=\"wp-block-separator has-text-color has-theme-palette-5-color has-css-opacity has-theme-palette-5-background-color has-background is-style-wide tab_sep\"\/>\n\n\n\n<p class=\"tab_1line has-black-color has-text-color has-medium-font-size\">Projekt i dokumentacja<\/p>\n\n\n\n<p class=\"has-theme-palette-5-color has-text-color\">Przekszta\u0142cenie dokumentacji papierowej do format\u00f3w in\u017cynieryjnych CAD np. .dwg, oraz wersji do wgl\u0105du .pdf.<br>Projektowanie uk\u0142ad\u00f3w sterowania z uwzgl\u0119dnieniem dokumentacji elektrycznej, pneumatycznej, zestawie\u0144 materia\u0142owych. <br><br><\/p>\n<\/div>\n\n\n\n<div class=\"wp-container-11 wp-block-column of_kol\">\n<p class=\"tab_number has-theme-palette-5-color has-text-color has-large-font-size\">06<\/p>\n\n\n\n<hr class=\"wp-block-separator has-text-color has-theme-palette-5-color has-css-opacity has-theme-palette-5-background-color has-background is-style-wide tab_sep\"\/>\n\n\n\n<p class=\"tab_1line has-black-color has-text-color has-medium-font-size\">Produkcja i serwis <\/p>\n\n\n\n<p class=\"has-theme-palette-5-color has-text-color\">Wytwarzanie szaf sterowniczych na podstawie dostarczonej lub zaprojektowanej dokumentacji elektrycznej.<br><br><\/p>\n<\/div>\n<\/div>\n<\/div><\/div>\n\n\n\n<div class=\"wp-block-cover alignfull anchor\" style=\"min-height:100vh\" id=\"contact\"><span aria-hidden=\"true\" class=\"wp-block-cover__background has-background-dim-100 has-background-dim\" style=\"background-color:#333333\"><\/span><div class=\"wp-block-cover__inner-container\">\n<div class=\"wp-container-21 wp-block-columns\">\n<div class=\"wp-container-20 wp-block-column\">\n<p class=\"section_header has-larger-font-size\">Zacznijmy wsp\u00f3\u0142prac\u0119<\/p>\n\n\n\n<hr class=\"wp-block-separator has-text-color has-white-color has-css-opacity has-white-background-color has-background is-style-wide\"\/>\n\n\n\n<p class=\"has-medium-font-size\">Skontaktuj si\u0119 ze mn\u0105 mailowo, telefonicznie, lub przez formularz kontaktowy<\/p>\n\n\n\n<hr class=\"wp-block-separator has-text-color has-white-color has-css-opacity has-white-background-color has-background is-style-wide\"\/>\n\n\n\n<div class=\"wp-container-19 wp-block-columns\">\n<div class=\"wp-container-17 wp-block-column\">\n<div class=\"wp-container-16 wp-block-columns\">\n<div class=\"wp-container-13 wp-block-column\">\n<p>Krzysztof Kr\u0119\u017co\u0142ek<br>T: +48 789 355 551<br>E: krzysztof.krezolek@controlops.pl<br>E: biuro@controlops.pl<\/p>\n<\/div>\n\n\n\n<div class=\"wp-container-15 wp-block-column\">\n<ul class=\"wp-container-14 wp-block-social-links\"><li class=\"wp-social-link wp-social-link-linkedin wp-block-social-link\"><a href=\"http:\/\/linkedin.com\/in\/krzysztofkrezolek\" class=\"wp-block-social-link-anchor\" target=\"_blank\" rel=\"noopener\"><svg width=\"24\" height=\"24\" viewBox=\"0 0 24 24\" version=\"1.1\" xmlns=\"http:\/\/www.w3.org\/2000\/svg\" aria-hidden=\"true\" focusable=\"false\"><path d=\"M19.7,3H4.3C3.582,3,3,3.582,3,4.3v15.4C3,20.418,3.582,21,4.3,21h15.4c0.718,0,1.3-0.582,1.3-1.3V4.3 C21,3.582,20.418,3,19.7,3z M8.339,18.338H5.667v-8.59h2.672V18.338z M7.004,8.574c-0.857,0-1.549-0.694-1.549-1.548 c0-0.855,0.691-1.548,1.549-1.548c0.854,0,1.547,0.694,1.547,1.548C8.551,7.881,7.858,8.574,7.004,8.574z M18.339,18.338h-2.669 v-4.177c0-0.996-0.017-2.278-1.387-2.278c-1.389,0-1.601,1.086-1.601,2.206v4.249h-2.667v-8.59h2.559v1.174h0.037 c0.356-0.675,1.227-1.387,2.526-1.387c2.703,0,3.203,1.779,3.203,4.092V18.338z\"><\/path><\/svg><span class=\"wp-block-social-link-label screen-reader-text\">LinkedIn<\/span><\/a><\/li><\/ul>\n<\/div>\n<\/div>\n\n\n\n<p>CONTROLOPS Krzysztof Kr\u0119\u017co\u0142ek<br>Jurk\u00f3w 304b<br>32-860 Czch\u00f3w<br>NIP: PL8692001579<br><br><iframe src=\"https:\/\/www.google.com\/maps\/embed?pb=!1m18!1m12!1m3!1d2572.518359400423!2d20.67784083778446!3d49.85150681196084!2m3!1f0!2f0!3f0!3m2!1i1024!2i768!4f13.1!3m3!1m2!1s0x473d8bd0e7096227%3A0x1301646416fde3a7!2sCONTROLOPS!5e0!3m2!1spl!2spl!4v1634145584988!5m2!1spl!2spl\" style=\"border:0;\" allowfullscreen=\"\" loading=\"lazy\" width=\"600\" height=\"450\"><\/p><\/iframe><\/p>\n<\/div>\n\n\n\n<div class=\"wp-container-18 wp-block-column\">\n<p class=\"has-medium-font-size\">Formularz kontaktowy<\/p>\n\n\n<div class=\"wpforms-container wpforms-container-full wpforms-block\" id=\"wpforms-168\"><form id=\"wpforms-form-168\" class=\"wpforms-validate wpforms-form wpforms-ajax-form\" data-formid=\"168\" method=\"post\" enctype=\"multipart\/form-data\" action=\"\/en\/wp-json\/wp\/v2\/pages\/1312\" data-token=\"e43e3f2edb83956ba51731c4793853b5\" data-token-time=\"1775689649\"><noscript class=\"wpforms-error-noscript\">Please enable JavaScript in your browser to complete this form.<\/noscript><div class=\"wpforms-field-container\"><div id=\"wpforms-168-field_4-container\" class=\"wpforms-field wpforms-field-name\" data-field-id=\"4\"><label class=\"wpforms-field-label\" for=\"wpforms-168-field_4\">Imi\u0119 i Nazwisko <span class=\"wpforms-required-label\">*<\/span><\/label><input type=\"text\" id=\"wpforms-168-field_4\" class=\"wpforms-field-medium wpforms-field-required\" name=\"wpforms[fields][4]\" required><\/div><div id=\"wpforms-168-field_3-container\" class=\"wpforms-field wpforms-field-email\" data-field-id=\"3\"><label class=\"wpforms-field-label\" for=\"wpforms-168-field_3\">Email <span class=\"wpforms-required-label\">*<\/span><\/label><input type=\"email\" id=\"wpforms-168-field_3\" class=\"wpforms-field-medium wpforms-field-required\" name=\"wpforms[fields][3]\" spellcheck=\"false\" required><\/div><div id=\"wpforms-168-field_5-container\" class=\"wpforms-field wpforms-field-textarea\" data-field-id=\"5\"><label class=\"wpforms-field-label\" for=\"wpforms-168-field_5\">Tre\u015b\u0107 <span class=\"wpforms-required-label\">*<\/span><\/label><textarea id=\"wpforms-168-field_5\" class=\"wpforms-field-medium wpforms-field-required\" name=\"wpforms[fields][5]\" required><\/textarea><\/div><\/div><!-- .wpforms-field-container --><div class=\"wpforms-submit-container\" ><input type=\"hidden\" name=\"wpforms[id]\" value=\"168\"><input type=\"hidden\" name=\"page_title\" value=\"\"><input type=\"hidden\" name=\"page_url\" value=\"https:\/\/controlops.pl\/en\/wp-json\/wp\/v2\/pages\/1312\"><input type=\"hidden\" name=\"url_referer\" value=\"\"><button type=\"submit\" name=\"wpforms[submit]\" id=\"wpforms-submit-168\" class=\"wpforms-submit button-class\" data-alt-text=\"Wysy\u0142anie...\" data-submit-text=\"Wy\u015blij\" aria-live=\"assertive\" value=\"wpforms-submit\">Wy\u015blij<\/button><img loading=\"lazy\" src=\"https:\/\/controlops.pl\/wp-content\/plugins\/wpforms-lite\/assets\/images\/submit-spin.svg\" class=\"wpforms-submit-spinner\" style=\"display: none;\" width=\"26\" height=\"26\" alt=\"Loading\"><\/div><\/form><\/div>  <!-- .wpforms-container --><\/div>\n<\/div>\n<\/div>\n<\/div>\n<\/div><\/div>\n\n\n\n<div class=\"wp-block-cover alignfull is-light anchor\" style=\"min-height:100vh\" id=\"info\"><span aria-hidden=\"true\" class=\"wp-block-cover__background has-theme-palette-3-background-color has-background-dim-100 has-background-dim\"><\/span><div class=\"wp-block-cover__inner-container\">\n<div class=\"wp-container-24 wp-block-columns column\">\n<div class=\"wp-container-23 wp-block-column\">\n<hr class=\"wp-block-separator has-css-opacity is-style-wide\"\/>\n\n\n\n<p class=\"has-black-color has-text-color has-medium-font-size\">CONTROLOPS \/ automatyka<\/p>\n\n\n\n<hr class=\"wp-block-separator has-css-opacity is-style-wide\"\/>\n\n\n\n<p class=\"has-black-color has-text-color has-larger-font-size\">Od ponad 10-ciu lat pracuj\u0119 jako automatyk.<br>Moje umiej\u0119tno\u015bci i do\u015bwiadczenie mo\u017cesz sprawdzi\u0107 <a href=\"http:\/\/www.linkedin.com\/in\/krzysztofkrezolek\" target=\"_blank\" rel=\"noopener\">tutaj<\/a><\/p>\n\n\n\n<div class=\"wp-container-22 wp-block-buttons\">\n<div class=\"wp-block-button has-custom-width wp-block-button__width-25 is-style-outline\"><a class=\"wp-block-button__link has-theme-palette-1-color has-theme-palette-3-background-color has-text-color has-background\" href=\"https:\/\/controlops.pl\/#contact\" style=\"border-radius:2px\" rel=\"#20\">Wsp\u00f3\u0142praca<\/a><\/div>\n<\/div>\n\n\n\n<p><\/p>\n<\/div>\n<\/div>\n<\/div><\/div>\n","protected":false},"excerpt":{"rendered":"","protected":false},"author":1,"featured_media":2305,"parent":0,"menu_order":0,"comment_status":"closed","ping_status":"closed","template":"","meta":{"_kad_post_transparent":"disable","_kad_post_title":"hide","_kad_post_layout":"narrow","_kad_post_sidebar_id":"","_kad_post_content_style":"boxed","_kad_post_vertical_padding":"top","_kad_post_feature":"default","_kad_post_feature_position":"","_kad_post_header":false,"_kad_post_footer":false,"_kad_post_classname":""},"_links":{"self":[{"href":"https:\/\/controlops.pl\/en\/wp-json\/wp\/v2\/pages\/1312"}],"collection":[{"href":"https:\/\/controlops.pl\/en\/wp-json\/wp\/v2\/pages"}],"about":[{"href":"https:\/\/controlops.pl\/en\/wp-json\/wp\/v2\/types\/page"}],"author":[{"embeddable":true,"href":"https:\/\/controlops.pl\/en\/wp-json\/wp\/v2\/users\/1"}],"replies":[{"embeddable":true,"href":"https:\/\/controlops.pl\/en\/wp-json\/wp\/v2\/comments?post=1312"}],"version-history":[{"count":168,"href":"https:\/\/controlops.pl\/en\/wp-json\/wp\/v2\/pages\/1312\/revisions"}],"predecessor-version":[{"id":2348,"href":"https:\/\/controlops.pl\/en\/wp-json\/wp\/v2\/pages\/1312\/revisions\/2348"}],"wp:featuredmedia":[{"embeddable":true,"href":"https:\/\/controlops.pl\/en\/wp-json\/wp\/v2\/media\/2305"}],"wp:attachment":[{"href":"https:\/\/controlops.pl\/en\/wp-json\/wp\/v2\/media?parent=1312"}],"curies":[{"name":"wp","href":"https:\/\/api.w.org\/{rel}","templated":true}]}}